{"id":417,"date":"2018-03-19T07:17:40","date_gmt":"2018-03-19T07:17:40","guid":{"rendered":"http:\/\/themes.radiantthemes.com\/constructionpress\/?page_id=417"},"modified":"2023-02-08T14:18:47","modified_gmt":"2023-02-08T14:18:47","slug":"genie-civil","status":"publish","type":"page","link":"https:\/\/zformining.com\/fr\/services\/genie-civil\/","title":{"rendered":"G\u00e9nie Civil"},"content":{"rendered":"<div data-vc-full-width=\"true\" data-vc-full-width-init=\"false\" class=\"vc_row wpb_row vc_row-fluid vc_custom_1521527428949 vc_row-has-fill\">\t\t\t<!-- rt menu -->\n\t\t\t<div class=\"wpb_column vc_column_container vc_col-sm-3\"><div class=\"vc_column-inner vc_custom_1521444155225\"><div class=\"wpb_wrapper\"><div class=\"rt-menu element-two\"    ><ul id=\"menu-services-menu\" class=\"menu rt-mega-menu-transition-default\"><li id=\"menu-item-526\" class=\"menu-item menu-item-type-post_type menu-item-object-page menu-flyout rt-mega-menu-hover item-526\"><a  href=\"https:\/\/zformining.com\/fr\/services\/genie-civil\/\">G\u00e9nie Civil<\/a><\/li>\n<li id=\"menu-item-524\" class=\"menu-item menu-item-type-post_type menu-item-object-page menu-flyout rt-mega-menu-hover item-524\"><a  href=\"https:\/\/zformining.com\/fr\/services\/batiment\/\">B\u00e2timent<\/a><\/li>\n<li id=\"menu-item-2385\" class=\"menu-item menu-item-type-post_type menu-item-object-page menu-flyout rt-mega-menu-hover item-2385\"><a  href=\"https:\/\/zformining.com\/fr\/services\/route\/\">Route<\/a><\/li>\n<li id=\"menu-item-3343\" class=\"menu-item menu-item-type-post_type menu-item-object-page menu-flyout rt-mega-menu-hover item-3343\"><a  href=\"https:\/\/zformining.com\/fr\/services\/hydraulique\/\">Barrage hydraulique<\/a><\/li>\n<\/ul><\/div>\r<!-- rt menu -->\r<div class=\"vc_row wpb_row vc_inner vc_row-fluid vc_custom_1521444302719\"><div class=\"wpb_column vc_column_container vc_col-sm-12 vc_col-has-fill\"><div class=\"vc_column-inner vc_custom_1521444368019\"><div class=\"wpb_wrapper\"><div style=\"font-size: 25px;color: #ffffff;line-height: 35px;text-align: center\" class=\"vc_custom_heading font-weight-bold vc_custom_1521713088255\" >CONTACT<br \/>\nREQUETE<\/div><div style=\"font-size: 15px;color: #f5f6f6;line-height: 25px;text-align: center\" class=\"vc_custom_heading font-weight-medium vc_custom_1650635003094\" >Nous voulons de vos nouvelles!<\/div><div style=\"font-size: 18px;color: #f5f6f6;line-height: 28px;text-align: center\" class=\"vc_custom_heading font-weight-semibold vc_custom_1675865925843\" >Call +223 20 21 21 92<\/div>\r<!-- radiantthemes-button -->\r<div class=\"radiantthemes-button hover-style-one\"  data-button-direction=\"center\" data-button-fullwidth=\"false\" ><a style=\"\" class=\"radiantthemes-button-main\" href=\"https:\/\/zformining.com\/fr\/contact-us-version-3\/\"  title=\"\" target=\"_self\"><div class=\"placeholder\">CONTACTEZ-NOUS MAINTENANT<\/div><\/a><\/div>\r<!-- radiantthemes-button -->\r<\/div><\/div><\/div><\/div><\/div><\/div><\/div><div class=\"wpb_column vc_column_container vc_col-sm-9\"><div class=\"vc_column-inner vc_custom_1521444147546\"><div class=\"wpb_wrapper\">\n\t<div  class=\"wpb_single_image wpb_content_element vc_align_left  vc_custom_1521458133889\">\n\t\t\n\t\t<figure class=\"wpb_wrapper vc_figure\">\n\t\t\t<div class=\"vc_single_image-wrapper   vc_box_border_grey\"><img loading=\"lazy\" decoding=\"async\" width=\"870\" height=\"432\" src=\"https:\/\/zformining.com\/wp-content\/uploads\/2018\/03\/Building-Construction-Management-Image-1.png\" class=\"vc_single_image-img attachment-full\" alt=\"Building-Construction-Management-Image\" title=\"Building-Construction-Management-Image\" \/><\/div>\n\t\t<\/figure>\n\t<\/div>\n<h1 style=\"font-size: 35px;line-height: 45px;text-align: left\" class=\"vc_custom_heading font-weight-bold vc_custom_1650629216585\" >G\u00e9nie Civil<\/h1>\n\t<div class=\"wpb_text_column wpb_content_element  vc_custom_1650629192068\" >\n\t\t<div class=\"wpb_wrapper\">\n\t\t\t<p>Tous les secteurs b\u00e9n\u00e9ficient de nos services de conception et de construction en g\u00e9nie civil. ZFM fournit des services personnalis\u00e9s soutenus par des ing\u00e9nieurs civils professionnels.<\/p>\n\n\t\t<\/div>\n\t<\/div>\n\n\t<div class=\"wpb_text_column wpb_content_element  vc_custom_1650629881232\" >\n\t\t<div class=\"wpb_wrapper\">\n\t\t\t<p>ZFM fournit des services de planification et d'ing\u00e9nierie efficaces et rentables pour aider nos clients \u00e0 construire des emplacements qui r\u00e9pondent \u00e0 leurs objectifs fonctionnels, esth\u00e9tiques et environnementaux. Pour r\u00e9pondre aux besoins des propri\u00e9taires, des architectes, des entrepreneurs, des organismes institutionnels et gouvernementaux, nos ing\u00e9nieurs civils\/de chantier exp\u00e9riment\u00e9s collaborent avec des architectes paysagistes, des ing\u00e9nieurs g\u00e9otechniques et environnementaux, des scientifiques de l'environnement, des ing\u00e9nieurs de la circulation et des g\u00e9om\u00e8tres.<\/p>\n\n\t\t<\/div>\n\t<\/div>\n<\/div><\/div><\/div><\/div><div class=\"vc_row-full-width vc_clearfix\"><\/div><div data-vc-full-width=\"true\" data-vc-full-width-init=\"false\" class=\"vc_row wpb_row vc_row-fluid vc_custom_1650031051138 vc_row-has-fill vc_row-o-equal-height vc_row-o-content-middle vc_row-flex\"><div class=\"wpb_column vc_column_container vc_col-sm-12\"><div class=\"vc_column-inner vc_custom_1521436210629\"><div class=\"wpb_wrapper\"><h6 style=\"font-size: 32px;color: #ffffff;line-height: 42px;text-align: left\" class=\"vc_custom_heading font-weight-bold vc_custom_1521436436604\" >Vous recherchez un service de construction exclusif\u00a0?<\/h6><div style=\"font-size: 16px;color: #ffffff;text-align: left\" class=\"vc_custom_heading vc_custom_1650634492739\" >Nous voulons avoir de vos nouvelles, que vous ayez un projet en t\u00eate et que vous ayez besoin d'un partenaire de construction fiable ou que vous souhaitiez faire progresser votre carri\u00e8re.<\/div><\/div><\/div><\/div><\/div><div class=\"vc_row-full-width vc_clearfix\"><\/div>","protected":false},"excerpt":{"rendered":"Civil engineering Construction Road Hydraulic Dam REQUEST A CALL BACKwe want to hear from you!Call +223 20 21 21 92 CONTACT US NOW Civil Engineering All sectors benefit from our civil engineering design and construction services. ZFM provides customized services that are backed up by professional civil engineers. ZFM delivers efficient, cost-effective planning and engineering [...]","protected":false},"author":1,"featured_media":0,"parent":132,"menu_order":0,"comment_status":"closed","ping_status":"closed","template":"","meta":{"footnotes":""},"class_list":["post-417","page","type-page","status-publish","hentry"],"_links":{"self":[{"href":"https:\/\/zformining.com\/fr\/wp-json\/wp\/v2\/pages\/417","targetHints":{"allow":["GET"]}}],"collection":[{"href":"https:\/\/zformining.com\/fr\/wp-json\/wp\/v2\/pages"}],"about":[{"href":"https:\/\/zformining.com\/fr\/wp-json\/wp\/v2\/types\/page"}],"author":[{"embeddable":true,"href":"https:\/\/zformining.com\/fr\/wp-json\/wp\/v2\/users\/1"}],"replies":[{"embeddable":true,"href":"https:\/\/zformining.com\/fr\/wp-json\/wp\/v2\/comments?post=417"}],"version-history":[{"count":16,"href":"https:\/\/zformining.com\/fr\/wp-json\/wp\/v2\/pages\/417\/revisions"}],"predecessor-version":[{"id":3692,"href":"https:\/\/zformining.com\/fr\/wp-json\/wp\/v2\/pages\/417\/revisions\/3692"}],"up":[{"embeddable":true,"href":"https:\/\/zformining.com\/fr\/wp-json\/wp\/v2\/pages\/132"}],"wp:attachment":[{"href":"https:\/\/zformining.com\/fr\/wp-json\/wp\/v2\/media?parent=417"}],"curies":[{"name":"wp","href":"https:\/\/api.w.org\/{rel}","templated":true}]}}