{"id":399,"date":"2018-03-19T06:59:23","date_gmt":"2018-03-19T06:59:23","guid":{"rendered":"http:\/\/themes.radiantthemes.com\/constructionpress\/?page_id=399"},"modified":"2023-02-08T14:19:27","modified_gmt":"2023-02-08T14:19:27","slug":"batiment","status":"publish","type":"page","link":"https:\/\/zformining.com\/fr\/services\/batiment\/","title":{"rendered":"B\u00e2timent"},"content":{"rendered":"<div data-vc-full-width=\"true\" data-vc-full-width-init=\"false\" class=\"vc_row wpb_row vc_row-fluid vc_custom_1521444119633 vc_row-has-fill\"><div class=\"wpb_column vc_column_container vc_col-sm-9\"><div class=\"vc_column-inner vc_custom_1521444147546\"><div class=\"wpb_wrapper\"><h1 style=\"font-size: 35px;line-height: 45px;text-align: left\" class=\"vc_custom_heading font-weight-bold vc_custom_1650038181776\" >B\u00e2timent<\/h1>\n\t<div class=\"wpb_text_column wpb_content_element  vc_custom_1650630586731\" >\n\t\t<div class=\"wpb_wrapper\">\n\t\t\t<p>ZFM Construction fournit des services de construction g\u00e9n\u00e9rale en mettant l'accent sur la qualit\u00e9 sans compromis pour chaque mission. C'est quelque chose que nous faisons dans tous les secteurs que nous desservons.<\/p>\n\n\t\t<\/div>\n\t<\/div>\n\n\t<div class=\"wpb_text_column wpb_content_element  vc_custom_1650630557893\" >\n\t\t<div class=\"wpb_wrapper\">\n\t\t\t<p>Chaque projet a des exigences uniques et doit respecter un calendrier, minimiser les risques pour la s\u00e9curit\u00e9 du personnel et maintenir les co\u00fbts en ligne avec le budget. L'expertise technique dans le soutien \u00e0 la gestion de la construction est essentielle pour y parvenir. Les projets b\u00e9n\u00e9ficient de la valeur ajout\u00e9e des connaissances locales ainsi que des services d'experts globaux \u00e0 chaque \u00e9tape du calendrier de construction.<\/p>\n<p>En tant que fournisseur leader de services techniques pour la construction, nous pouvons vous aider \u00e0 mener \u00e0 bien votre projet de construction en toute s\u00e9curit\u00e9.<\/p>\n\n\t\t<\/div>\n\t<\/div>\n\n\t<div  class=\"wpb_single_image wpb_content_element vc_align_left\">\n\t\t\n\t\t<figure class=\"wpb_wrapper vc_figure\">\n\t\t\t<div class=\"vc_single_image-wrapper   vc_box_border_grey\"><img loading=\"lazy\" decoding=\"async\" width=\"900\" height=\"544\" src=\"https:\/\/zformining.com\/wp-content\/uploads\/2022\/04\/power-plant-construction.jpg\" class=\"vc_single_image-img attachment-full\" alt=\"\" title=\"power-plant-construction\" srcset=\"https:\/\/zformining.com\/wp-content\/uploads\/2022\/04\/power-plant-construction.jpg 900w, https:\/\/zformining.com\/wp-content\/uploads\/2022\/04\/power-plant-construction-300x181.jpg 300w, https:\/\/zformining.com\/wp-content\/uploads\/2022\/04\/power-plant-construction-768x464.jpg 768w, https:\/\/zformining.com\/wp-content\/uploads\/2022\/04\/power-plant-construction-18x12.jpg 18w\" sizes=\"auto, (max-width: 900px) 100vw, 900px\" \/><\/div>\n\t\t<\/figure>\n\t<\/div>\n<\/div><\/div><\/div>\t\t\t<!-- rt menu -->\n\t\t\t<div class=\"wpb_column vc_column_container vc_col-sm-3\"><div class=\"vc_column-inner vc_custom_1521444155225\"><div class=\"wpb_wrapper\"><div class=\"rt-menu element-two\"    ><ul id=\"menu-services-menu\" class=\"menu rt-mega-menu-transition-default\"><li id=\"menu-item-526\" class=\"menu-item menu-item-type-post_type menu-item-object-page menu-flyout rt-mega-menu-hover item-526\"><a  href=\"https:\/\/zformining.com\/fr\/services\/genie-civil\/\">G\u00e9nie Civil<\/a><\/li>\n<li id=\"menu-item-524\" class=\"menu-item menu-item-type-post_type menu-item-object-page menu-flyout rt-mega-menu-hover item-524\"><a  href=\"https:\/\/zformining.com\/fr\/services\/batiment\/\">B\u00e2timent<\/a><\/li>\n<li id=\"menu-item-2385\" class=\"menu-item menu-item-type-post_type menu-item-object-page menu-flyout rt-mega-menu-hover item-2385\"><a  href=\"https:\/\/zformining.com\/fr\/services\/route\/\">Route<\/a><\/li>\n<li id=\"menu-item-3343\" class=\"menu-item menu-item-type-post_type menu-item-object-page menu-flyout rt-mega-menu-hover item-3343\"><a  href=\"https:\/\/zformining.com\/fr\/services\/hydraulique\/\">Barrage hydraulique<\/a><\/li>\n<\/ul><\/div>\r<!-- rt menu -->\r<div class=\"vc_row wpb_row vc_inner vc_row-fluid vc_custom_1521444302719\"><div class=\"wpb_column vc_column_container vc_col-sm-12 vc_col-has-fill\"><div class=\"vc_column-inner vc_custom_1521444368019\"><div class=\"wpb_wrapper\"><div style=\"font-size: 25px;color: #ffffff;line-height: 35px;text-align: center\" class=\"vc_custom_heading font-weight-extrabold vc_custom_1521444649617\" >CONTACT<br \/>\nREQUETE<\/div><div style=\"font-size: 15px;color: #f5f6f6;line-height: 25px;text-align: center\" class=\"vc_custom_heading font-weight-medium vc_custom_1650635033441\" >Nous voulons de vos nouvelles!<\/div><div style=\"font-size: 18px;color: #f5f6f6;line-height: 28px;text-align: center\" class=\"vc_custom_heading font-weight-semibold vc_custom_1675865964673\" >Call +223 20 21 21 92<\/div>\r<!-- radiantthemes-button -->\r<div class=\"radiantthemes-button hover-style-one\"  data-button-direction=\"center\" data-button-fullwidth=\"false\" ><a style=\"\" class=\"radiantthemes-button-main\" href=\"https:\/\/zformining.com\/fr\/contact-us-version-3\/\"  title=\"\" target=\"_self\"><div class=\"placeholder\">CONTACTEZ-NOUS MAINTENANT<\/div><\/a><\/div>\r<!-- radiantthemes-button -->\r<\/div><\/div><\/div><\/div><\/div><\/div><\/div><\/div><div class=\"vc_row-full-width vc_clearfix\"><\/div><div data-vc-full-width=\"true\" data-vc-full-width-init=\"false\" class=\"vc_row wpb_row vc_row-fluid vc_custom_1650031089226 vc_row-has-fill vc_row-o-equal-height vc_row-o-content-middle vc_row-flex\"><div class=\"wpb_column vc_column_container vc_col-sm-12\"><div class=\"vc_column-inner vc_custom_1521436210629\"><div class=\"wpb_wrapper\"><h6 style=\"font-size: 32px;color: #ffffff;line-height: 42px;text-align: left\" class=\"vc_custom_heading font-weight-bold vc_custom_1521436436604\" >Vous recherchez un service de construction exclusif\u00a0?<\/h6><div style=\"font-size: 16px;color: #ffffff;text-align: left\" class=\"vc_custom_heading vc_custom_1650634539848\" >Nous voulons avoir de vos nouvelles, que vous ayez un projet en t\u00eate et que vous ayez besoin d'un partenaire de construction fiable ou que vous souhaitiez faire progresser votre carri\u00e8re.<\/div><\/div><\/div><\/div><\/div><div class=\"vc_row-full-width vc_clearfix\"><\/div>","protected":false},"excerpt":{"rendered":"Construction ZFM Construction provides general construction with an uncompromising focus on quality on every assignment. This is something we do in every sector we service. Every project has unique requirements and must maintain a schedule, minimize safety risks for personnel, and keep costs in-line with budget. Technical expertise in construction management support is key to [...]","protected":false},"author":1,"featured_media":0,"parent":132,"menu_order":0,"comment_status":"closed","ping_status":"closed","template":"","meta":{"footnotes":""},"class_list":["post-399","page","type-page","status-publish","hentry"],"_links":{"self":[{"href":"https:\/\/zformining.com\/fr\/wp-json\/wp\/v2\/pages\/399","targetHints":{"allow":["GET"]}}],"collection":[{"href":"https:\/\/zformining.com\/fr\/wp-json\/wp\/v2\/pages"}],"about":[{"href":"https:\/\/zformining.com\/fr\/wp-json\/wp\/v2\/types\/page"}],"author":[{"embeddable":true,"href":"https:\/\/zformining.com\/fr\/wp-json\/wp\/v2\/users\/1"}],"replies":[{"embeddable":true,"href":"https:\/\/zformining.com\/fr\/wp-json\/wp\/v2\/comments?post=399"}],"version-history":[{"count":17,"href":"https:\/\/zformining.com\/fr\/wp-json\/wp\/v2\/pages\/399\/revisions"}],"predecessor-version":[{"id":3693,"href":"https:\/\/zformining.com\/fr\/wp-json\/wp\/v2\/pages\/399\/revisions\/3693"}],"up":[{"embeddable":true,"href":"https:\/\/zformining.com\/fr\/wp-json\/wp\/v2\/pages\/132"}],"wp:attachment":[{"href":"https:\/\/zformining.com\/fr\/wp-json\/wp\/v2\/media?parent=399"}],"curies":[{"name":"wp","href":"https:\/\/api.w.org\/{rel}","templated":true}]}}