{"id":2631,"date":"2018-04-06T11:02:27","date_gmt":"2018-04-06T11:02:27","guid":{"rendered":"https:\/\/brixel.radiantthemes.com\/?page_id=2631"},"modified":"2023-01-11T16:06:07","modified_gmt":"2023-01-11T16:06:07","slug":"our-company","status":"publish","type":"page","link":"https:\/\/zformining.com\/fr\/our-company\/","title":{"rendered":"Notre Entreprise"},"content":{"rendered":"<div class=\"vc_row wpb_row vc_row-fluid vc_custom_1522816034812 vc_row-o-equal-height vc_row-o-content-middle vc_row-flex\"><div class=\"wpb_column vc_column_container vc_col-sm-6 vc_col-has-fill\"><div class=\"vc_column-inner vc_custom_1522816514976\"><div class=\"wpb_wrapper\"><h2 style=\"font-size: 35px;line-height: 45px;text-align: left\" class=\"vc_custom_heading heading-left-border\" >Quelques raisons de travailler<br \/>\nEnsemble<\/h2><div class=\"vc_row wpb_row vc_inner vc_row-fluid hover-icon vc_custom_1522819181239\"><div class=\"wpb_column vc_column_container vc_col-sm-2\"><div class=\"vc_column-inner\"><div class=\"wpb_wrapper\">\n\t<div  class=\"wpb_single_image wpb_content_element vc_align_left  vc_custom_1523016217426\">\n\t\t\n\t\t<figure class=\"wpb_wrapper vc_figure\">\n\t\t\t<div class=\"vc_single_image-wrapper   vc_box_border_grey\"><img loading=\"lazy\" decoding=\"async\" width=\"50\" height=\"62\" src=\"https:\/\/zformining.com\/wp-content\/uploads\/2018\/04\/Quality-1-1.png\" class=\"vc_single_image-img attachment-full\" alt=\"\" title=\"Quality\" \/><\/div>\n\t\t<\/figure>\n\t<\/div>\n<\/div><\/div><\/div><div class=\"wpb_column vc_column_container vc_col-sm-10\"><div class=\"vc_column-inner\"><div class=\"wpb_wrapper\"><h6 style=\"font-size: 18px;line-height: 23px;text-align: left\" class=\"vc_custom_heading\" >Nous croyons en la meilleure qualit\u00e9<\/h6><p style=\"text-align: left\" class=\"vc_custom_heading vc_custom_1650560864004\" >Nous accompagnons les projets jusqu'\u00e0 leur ach\u00e8vement et fournissons des solutions proactives pour atteindre et d\u00e9passer les attentes. Les concepts de qualit\u00e9 sont inculqu\u00e9s \u00e0 l'excellence op\u00e9rationnelle, ce qui indique concr\u00e8tement la r\u00e9ussite.<\/p><\/div><\/div><\/div><\/div><div class=\"vc_row wpb_row vc_inner vc_row-fluid hover-icon vc_custom_1522819195542\"><div class=\"wpb_column vc_column_container vc_col-sm-2\"><div class=\"vc_column-inner\"><div class=\"wpb_wrapper\">\n\t<div  class=\"wpb_single_image wpb_content_element vc_align_left  vc_custom_1523016234904\">\n\t\t\n\t\t<figure class=\"wpb_wrapper vc_figure\">\n\t\t\t<div class=\"vc_single_image-wrapper   vc_box_border_grey\"><img loading=\"lazy\" decoding=\"async\" width=\"62\" height=\"46\" src=\"https:\/\/zformining.com\/wp-content\/uploads\/2018\/04\/Relation-1-1.png\" class=\"vc_single_image-img attachment-full\" alt=\"\" title=\"Relation\" \/><\/div>\n\t\t<\/figure>\n\t<\/div>\n<\/div><\/div><\/div><div class=\"wpb_column vc_column_container vc_col-sm-10\"><div class=\"vc_column-inner\"><div class=\"wpb_wrapper\"><h6 style=\"font-size: 18px;line-height: 23px;text-align: left\" class=\"vc_custom_heading\" >Nous croyons en la s\u00e9curit\u00e9<\/h6><p style=\"text-align: left\" class=\"vc_custom_heading vc_custom_1650561004411\" >Nous ne mettrons jamais la s\u00e9curit\u00e9 de notre peuple en danger. Notre objectif est de ne pas avoir d'incidents et notre taux de fr\u00e9quence d'arr\u00eat de travail est parmi les meilleurs de l'industrie.<\/p><\/div><\/div><\/div><\/div><div class=\"vc_row wpb_row vc_inner vc_row-fluid hover-icon vc_custom_1522819209311\"><div class=\"wpb_column vc_column_container vc_col-sm-2\"><div class=\"vc_column-inner\"><div class=\"wpb_wrapper\">\n\t<div  class=\"wpb_single_image wpb_content_element vc_align_left  vc_custom_1523016254879\">\n\t\t\n\t\t<figure class=\"wpb_wrapper vc_figure\">\n\t\t\t<div class=\"vc_single_image-wrapper   vc_box_border_grey\"><img loading=\"lazy\" decoding=\"async\" width=\"62\" height=\"62\" src=\"https:\/\/zformining.com\/wp-content\/uploads\/2018\/04\/Abilities-1-1.png\" class=\"vc_single_image-img attachment-full\" alt=\"\" title=\"Abilities\" \/><\/div>\n\t\t<\/figure>\n\t<\/div>\n<\/div><\/div><\/div><div class=\"wpb_column vc_column_container vc_col-sm-10\"><div class=\"vc_column-inner\"><div class=\"wpb_wrapper\"><h6 style=\"font-size: 18px;line-height: 23px;text-align: left\" class=\"vc_custom_heading\" >Nous croyons en la durabilit\u00e9<\/h6><p style=\"text-align: left\" class=\"vc_custom_heading vc_custom_1650561158881\" >Nous utilisons une approche holistique de la responsabilit\u00e9 sociale des entreprises qui prend en compte les partenaires, les personnes, les projets, les processus et les lieux en plus de la construction durable.<\/p><\/div><\/div><\/div><\/div><\/div><\/div><\/div><div class=\"wpb_column vc_column_container vc_col-sm-6 vc_col-has-fill\"><div class=\"vc_column-inner vc_custom_1523013982649\"><div class=\"wpb_wrapper\">\n\t<div  class=\"wpb_single_image wpb_content_element vc_align_left  vc_custom_1523014002417  hidden-lg hidden-md hidden-sm visible-xs\">\n\t\t\n\t\t<figure class=\"wpb_wrapper vc_figure\">\n\t\t\t<div class=\"vc_single_image-wrapper   vc_box_border_grey\"><img loading=\"lazy\" decoding=\"async\" width=\"555\" height=\"558\" src=\"https:\/\/zformining.com\/wp-content\/uploads\/2018\/04\/about-image2-1.jpg\" class=\"vc_single_image-img attachment-full\" alt=\"\" title=\"about-image2\" \/><\/div>\n\t\t<\/figure>\n\t<\/div>\n<\/div><\/div><\/div><\/div><div class=\"vc_row wpb_row vc_row-fluid vc_custom_1522816034812 vc_row-o-equal-height vc_row-o-content-middle vc_row-flex\"><div class=\"wpb_column vc_column_container vc_col-sm-3\"><div class=\"vc_column-inner\"><div class=\"wpb_wrapper\">\n\t<div  class=\"wpb_single_image wpb_content_element vc_align_left\">\n\t\t\n\t\t<figure class=\"wpb_wrapper vc_figure\">\n\t\t\t<div class=\"vc_single_image-wrapper   vc_box_border_grey\"><img loading=\"lazy\" decoding=\"async\" width=\"502\" height=\"474\" src=\"https:\/\/zformining.com\/wp-content\/uploads\/2022\/08\/Zeidan-Zeidan.png\" class=\"vc_single_image-img attachment-full\" alt=\"\" title=\"Zeidan Zeidan\" srcset=\"https:\/\/zformining.com\/wp-content\/uploads\/2022\/08\/Zeidan-Zeidan.png 502w, https:\/\/zformining.com\/wp-content\/uploads\/2022\/08\/Zeidan-Zeidan-300x283.png 300w, https:\/\/zformining.com\/wp-content\/uploads\/2022\/08\/Zeidan-Zeidan-13x12.png 13w\" sizes=\"auto, (max-width: 502px) 100vw, 502px\" \/><\/div>\n\t\t<\/figure>\n\t<\/div>\n<\/div><\/div><\/div><div class=\"wpb_column vc_column_container vc_col-sm-9 vc_col-has-fill\"><div class=\"vc_column-inner vc_custom_1522818457652\"><div class=\"wpb_wrapper\"><h2 style=\"font-size: 35px;line-height: 45px;text-align: left\" class=\"vc_custom_heading heading-left-border\" >Que faisons-nous ?<\/h2><p style=\"text-align: left\" class=\"vc_custom_heading vc_custom_1650561313209\" >ZFM vous couvre pour tout, des simples r\u00e9novations aux projets de plusieurs milliards de dollars\u00a0; de la construction modulaire \u00e0 la technologie num\u00e9rique innovante en passant par la durabilit\u00e9 de pointe.<\/p>\n<p>Nous r\u00e9imaginons le service complet et appliquons nos connaissances \u00e0 tous les types de projets, \u00e0 toutes les \u00e9chelles et \u00e0 tous les processus d'approvisionnement. Nous combinons nos connaissances en tant que fournisseurs de solutions cr\u00e9atives et sp\u00e9cialistes de la construction pour d\u00e9velopper la bonne strat\u00e9gie pour votre projet, en maximisant la valeur au meilleur prix.<\/p>\n<p>Nous nous concentrons sur la r\u00e9alisation de la vision de votre projet et de vos objectifs commerciaux, nous sommes donc flexibles, concentr\u00e9s et innovants.<\/p><\/div><\/div><\/div><\/div><div class=\"vc_row wpb_row vc_row-fluid vc_custom_1522816034812 vc_row-o-equal-height vc_row-o-content-middle vc_row-flex\"><div class=\"wpb_column vc_column_container vc_col-sm-12 vc_col-has-fill\"><div class=\"vc_column-inner vc_custom_1522818457652\"><div class=\"wpb_wrapper\"><h2 style=\"font-size: 30px;line-height: 30px;text-align: left\" class=\"vc_custom_heading heading-left-border\" >COMMENT R\u00c9USSIR VOTRE ENTREPRISE ET \u200b\u200bMAINTENIR SON SUCC\u00c8S\u00a0?<\/h2><p style=\"text-align: left\" class=\"vc_custom_heading vc_custom_1673453165722\" >Pour certains, c'est une question qui cause des maux de t\u00eate et des probl\u00e8mes sans fin, pour d'autres une t\u00e2che \u00e0 plusieurs variables avec des nombres complexes et des solutions impossibles. La r\u00e9ponse pour ZFM qui conna\u00eet un formidable succ\u00e8s aupr\u00e8s de ses clients et reconnu par ses concurrents, est simple et sera d\u00e9taill\u00e9e dans les lignes qui suivent.<br \/>\nZ For Mining a \u00e9t\u00e9 cr\u00e9\u00e9 en 2016 par l'ing\u00e9nieur Zeidan Zeidan, suite \u00e0 sa premi\u00e8re soci\u00e9t\u00e9 EGA (2004), entreprise de construction et sa deuxi\u00e8me soci\u00e9t\u00e9 ADO Equipment (2008), est sp\u00e9cialis\u00e9e dans la vente de mat\u00e9riel de construction, groupes \u00e9lectrog\u00e8nes, b\u00e9tonni\u00e8res et autres .<br \/>\nLe premier contrat d'EGA avec SOMSIY \u00e0 la mine d'or de Syama au Mali fin 2012 concernait les travaux de g\u00e9nie civil de l'extension de l'usine comprenant son nouveau concasseur, son broyeur, son CIL et son \u00e9paississeur. Un projet a \u00e9t\u00e9 r\u00e9alis\u00e9 \u00e0 l'enti\u00e8re satisfaction de notre client.<br \/>\nZFM a fait ses premiers pas en 2016, pour remplacer sa grande s\u0153ur EGA dans les travaux du secteur minier. Les premiers projets de ZFM ont \u00e9t\u00e9 avec SOMISY (Projet 85), qui impliquait la construction des nouvelles installations suivantes\u00a0:<br \/>\n- Circuit d'\u00e9paississement et de lixiviation des queues de flottation<br \/>\n- Circuit de calcinage rebroy\u00e9 et d'\u00e9paississement<br \/>\n- Circuit de lixiviation calcin\u00e9e<br \/>\nPour assurer la liaison entre sa nouvelle fosse satellite de Tabakoroni et son usine de Syama, SOMISY a confi\u00e9 \u00e0 ZFM la construction de la route lat\u00e9ritique de 40 km en 2017, comprenant la construction d'un pont et de plusieurs dalots en b\u00e9ton arm\u00e9. Jusqu'\u00e0 aujourd'hui, cette route est toujours en service pour le transport des minerais de Tabakoroni \u00e0 Syama.<br \/>\nEn mai 2018, SOMIFI, qui fait partie du groupe Resolute, a confi\u00e9 le transport du minerai de Tabakorni \u00e0 Syama \u00e0 ZFM. Le minerai total transport\u00e9 \u00e0 fin 2020 \u00e9tait de 3 144 000 T.<br \/>\n\u00c0 la mine d'or de Syama, ZFM est l'entrepreneur civil de toutes les infrastructures mini\u00e8res, y compris les travaux de terrassement et de g\u00e9nie civil pour\u00a0:<br \/>\n- Nouvelle centrale HFO 33 MW - Station de traitement HFO - Nouveau CIL - R\u00e9novation de l'ancien camp - Agrandissement du camp avec 120 nouvelles unit\u00e9s - Aire de lavage des machines souterraines - R\u00e9novation de la cuisine et du mess.<br \/>\n- R\u00e9novation des diff\u00e9rents bureaux de la mine - B\u00e9ton projet\u00e9 et b\u00e9ton pour le projet UG - Travaux de g\u00e9nie civil pour le sous-sol : stations de pompage et syst\u00e8me de ventilation - r\u00e9alisation de forages d'eau \u00e9quip\u00e9s de pompes \u00e9lectriques et de ch\u00e2teaux d'eau - Alimentation du concasseur au ROM PAD .<br \/>\nApr\u00e8s 10 ans de travail continu sur diff\u00e9rents projets pour le Groupe Resolute, notre relation est devenue plus qu'un partenariat. Nous saisissons cette occasion pour exprimer notre appr\u00e9ciation et notre gratitude au Groupe Resolute, \u00e0 tous ses dirigeants et employ\u00e9s pour leur collaboration et leur compr\u00e9hension incroyables et fructueuses.<br \/>\nZFM a \u00e9galement r\u00e9alis\u00e9 la livraison de b\u00e9ton projet\u00e9 pour RUGS (BYRNECUT) de juin 2016 \u00e0 juin 2021, produisant 48 025 m3 de b\u00e9ton projet\u00e9, pour le renforcement des vo\u00fbtes de la mine souterraine de Syama.<br \/>\nZFM a ex\u00e9cut\u00e9 divers travaux de g\u00e9nie civil et de construction pour d'autres clients tels que\u00a0:<br \/>\n- MEES FZC - Services multi-\u00e9quipements et d'ing\u00e9nierie<br \/>\n- CAPITAL Forage Mali SARL<br \/>\n- Aggreko<br \/>\nActuellement, ZFM est engag\u00e9e dans des projets de construction \u00e0 la mine de Morila au Mali pour le compte de CAPITAL Drilling Mali SARL. :<br \/>\n- Unit\u00e9 de baie de lavage pour le CAT 777<br \/>\n- Route de liaison entre l'atelier et la route de roulage<br \/>\n- La fourniture et l'installation de 12 logements<br \/>\nLe succ\u00e8s de ZFM n'est pas un simple hasard, c'est plut\u00f4t le r\u00e9sultat d'un travail s\u00e9rieux qui repose sur les \u00e9l\u00e9ments suivants : S\u00e9curit\u00e9 au travail, personnel hautement qualifi\u00e9, formation continue du personnel, haute qualit\u00e9 du travail effectu\u00e9, sta!ng et la disponibilit\u00e9 des \u00e9quipements, des machines, des outils n\u00e9cessaires au bon d\u00e9roulement, au respect du planning et \u00e0 l'am\u00e9lioration continue afin de toujours satisfaire notre client.<br \/>\nEn mati\u00e8re de s\u00e9curit\u00e9 au travail, les statistiques des 5 derni\u00e8res ann\u00e9es montrent clairement que ZFM est une entreprise soucieuse de la s\u00e9curit\u00e9 de ses clients, fournisseurs, visiteurs et de tous ses employ\u00e9s.<br \/>\nLA S\u00c9CURIT\u00c9 EST NOTRE PREMI\u00c8RE PRIORIT\u00c9, C'EST POURQUOI NOUS AVONS OBTENU 5 ANS LTI GRATUITS AVEC 2 137 800 HEURES DE TRAVAIL. NOTRE SLOGAN EST \"LA S\u00c9CURIT\u00c9 EST TOUJOURS NOTRE PREMI\u00c8RE PRIORIT\u00c9, PARCE QUE DEMAIN COMPTE\"<br \/>\nRegarding the quality of work, ZFM relies on the great experience of its team (92% of its workforce is Malian) whether we are talking about its engineers, technicians, skilled workers as well as its administrative and logistics staff, who are in charge for the smooth running of the execution of the works to a level that meets the requirements of the mining standards. The high level of work quality that we offer could not happen without the constant quality control that we impose.<br \/>\nLa formation continue du personnel conduit toujours \u00e0 assurer une atmosph\u00e8re favorable pour obtenir des r\u00e9sultats satisfaisants pour nos clients et nous-m\u00eames.<br \/>\nZFM comprend l'importance de doter son personnel de moyens ad\u00e9quats pour mener \u00e0 bien les t\u00e2ches qui lui sont confi\u00e9es. ZFM renforce \u00e0 chaque occasion son parc mat\u00e9riel avec de nouvelles machines, camions et v\u00e9hicules pour assurer les meilleurs moyens \u00e0 son personnel, ce qui lui permet de r\u00e9duire les facteurs de risques et de favoriser la s\u00e9curit\u00e9 au travail ainsi que de meilleurs r\u00e9sultats dans des d\u00e9lais plus courts.<br \/>\nZFM respecte les d\u00e9lais dans tous ses projets, et cela est r\u00e9alis\u00e9 et assur\u00e9 par le suivi constant de son \u00e9quipe de planificateurs de d\u00e9tails pour assurer la disponibilit\u00e9 de tous les articles demand\u00e9s \u00e0 temps.<br \/>\nParall\u00e8lement \u00e0 l'ex\u00e9cution des projets, ZFM veille au social et au bien-\u00eatre de son entourage en :<br \/>\n- Sponsoring d'activit\u00e9s sportives comme le judo avec la F\u00e9d\u00e9ration Malienne de Judo et dont la 2\u00e8me ZFM et ADO Equipment Cup a eu lieu le 6 juin 2022.<br \/>\n- Participer financi\u00e8rement \u00e0 la f\u00eate traditionnelle des villages voisins de la communaut\u00e9 de Syama Gold mine (tels que Fourou et Finkolo).<br \/>\n- L'\u00e9quipement des forages du village de Syama en pompes \u00e0 motricit\u00e9 humaine et en pompes flex.<br \/>\nEt bien d'autres activit\u00e9s de parrainage dont des \u00e9quipes de football, de basket et de karat\u00e9 dans notre quartier \u00e0 l'Hippodrome.<br \/>\nLa s\u00e9curit\u00e9 est ce que nous priorisons, la qualit\u00e9 est ce que nous assurons et les d\u00e9lais sont ce que nous respectons. Cela dit, nous pouvons garantir le succ\u00e8s optimal de vos projets, en vous donnant la satisfaction que vous recherchez et m\u00e9ritez.<br \/>\nNous r\u00e9imaginons le service complet et appliquons nos connaissances \u00e0 tous les types de projets, \u00e0 toutes les \u00e9chelles et \u00e0 tous les processus d'approvisionnement. Nous combinons nos connaissances en tant que fournisseurs de solutions cr\u00e9atives et sp\u00e9cialistes de la construction pour d\u00e9velopper la bonne strat\u00e9gie pour votre projet, en maximisant la valeur au meilleur prix.<br \/>\nNous nous concentrons sur la r\u00e9alisation de la vision de votre projet et de vos objectifs commerciaux, nous sommes donc flexibles, concentr\u00e9s et innovants.<\/p><\/div><\/div><\/div><\/div><div class=\"vc_row wpb_row vc_row-fluid vc_custom_1522821587854 vc_row-o-equal-height vc_row-flex\"><div class=\"wpb_column vc_column_container vc_col-sm-6\"><div class=\"vc_column-inner vc_custom_1522747353971\"><div class=\"wpb_wrapper\"><h2 style=\"font-size: 35px;line-height: 45px;text-align: left\" class=\"vc_custom_heading heading-left-border\" >Nous avons une vision pour l'avenir de l'industrie de la construction.<\/h2><p style=\"text-align: left\" class=\"vc_custom_heading vc_custom_1650561545584\" >Nous sommes continuellement tourn\u00e9s vers l'avenir, mettant notre exp\u00e9rience consid\u00e9rable et nos comp\u00e9tences compl\u00e8tes \u00e0 votre service, surmontant vos obstacles particuliers, d\u00e9passant vos attentes et ajoutant une valeur mesurable \u00e0 votre r\u00e9sultat net.<\/p><h4 style=\"font-size: 22px;line-height: 24px;text-align: left\" class=\"vc_custom_heading vc_custom_1650561780135\" >Nous sommes innovants<\/h4><p style=\"text-align: left\" class=\"vc_custom_heading vc_custom_1650561801123\" >Pour r\u00e9pondre aux besoins changeants de nos clients, nous anticipons les probl\u00e8mes et d\u00e9veloppons de nouvelles comp\u00e9tences \u00e0 l'avance. Notre engagement ind\u00e9fectible envers l'innovation se traduit par de meilleures m\u00e9thodes et technologies de construction qui r\u00e9duisent la complexit\u00e9 des projets.<\/p><\/div><\/div><\/div><div class=\"wpb_column vc_column_container vc_col-sm-6 vc_col-has-fill\"><div class=\"vc_column-inner vc_custom_1523014302603\"><div class=\"wpb_wrapper\">\n\t<div  class=\"wpb_single_image wpb_content_element vc_align_left  vc_custom_1523014268897  hidden-lg hidden-md hidden-sm visible-xs\">\n\t\t\n\t\t<figure class=\"wpb_wrapper vc_figure\">\n\t\t\t<div class=\"vc_single_image-wrapper   vc_box_border_grey\"><img loading=\"lazy\" decoding=\"async\" width=\"555\" height=\"398\" src=\"https:\/\/zformining.com\/wp-content\/uploads\/2018\/04\/about-image4-1.jpg\" class=\"vc_single_image-img attachment-full\" alt=\"\" title=\"about-image4\" \/><\/div>\n\t\t<\/figure>\n\t<\/div>\n<\/div><\/div><\/div><\/div>","protected":false},"excerpt":{"rendered":"Some Reasons to Work Together We Believe in Best QualityWe see projects through to completion and provide proactive solutions to meet and exceed expectations. Quality concepts are instilled in operational excellence, which tangibly indicate achievement. We Believe in SafetyWe will never put our people's safety at risk. Our goal is to have no mishaps, and [...]","protected":false},"author":1,"featured_media":0,"parent":0,"menu_order":0,"comment_status":"closed","ping_status":"closed","template":"","meta":{"footnotes":""},"class_list":["post-2631","page","type-page","status-publish","hentry"],"_links":{"self":[{"href":"https:\/\/zformining.com\/fr\/wp-json\/wp\/v2\/pages\/2631","targetHints":{"allow":["GET"]}}],"collection":[{"href":"https:\/\/zformining.com\/fr\/wp-json\/wp\/v2\/pages"}],"about":[{"href":"https:\/\/zformining.com\/fr\/wp-json\/wp\/v2\/types\/page"}],"author":[{"embeddable":true,"href":"https:\/\/zformining.com\/fr\/wp-json\/wp\/v2\/users\/1"}],"replies":[{"embeddable":true,"href":"https:\/\/zformining.com\/fr\/wp-json\/wp\/v2\/comments?post=2631"}],"version-history":[{"count":19,"href":"https:\/\/zformining.com\/fr\/wp-json\/wp\/v2\/pages\/2631\/revisions"}],"predecessor-version":[{"id":3690,"href":"https:\/\/zformining.com\/fr\/wp-json\/wp\/v2\/pages\/2631\/revisions\/3690"}],"wp:attachment":[{"href":"https:\/\/zformining.com\/fr\/wp-json\/wp\/v2\/media?parent=2631"}],"curies":[{"name":"wp","href":"https:\/\/api.w.org\/{rel}","templated":true}]}}