{"id":2373,"date":"2018-03-31T08:30:16","date_gmt":"2018-03-31T08:30:16","guid":{"rendered":"https:\/\/brixel.radiantthemes.com\/?page_id=2373"},"modified":"2023-02-08T14:19:57","modified_gmt":"2023-02-08T14:19:57","slug":"route","status":"publish","type":"page","link":"https:\/\/zformining.com\/fr\/services\/route\/","title":{"rendered":"Route"},"content":{"rendered":"<div data-vc-full-width=\"true\" data-vc-full-width-init=\"false\" class=\"vc_row wpb_row vc_row-fluid vc_custom_1521527428949 vc_row-has-fill\">\t\t\t<!-- rt menu -->\n\t\t\t<div class=\"wpb_column vc_column_container vc_col-sm-3\"><div class=\"vc_column-inner vc_custom_1521444155225\"><div class=\"wpb_wrapper\"><div class=\"rt-menu element-two\"    ><ul id=\"menu-services-menu\" class=\"menu rt-mega-menu-transition-default\"><li id=\"menu-item-526\" class=\"menu-item menu-item-type-post_type menu-item-object-page menu-flyout rt-mega-menu-hover item-526\"><a  href=\"https:\/\/zformining.com\/fr\/services\/genie-civil\/\">G\u00e9nie Civil<\/a><\/li>\n<li id=\"menu-item-524\" class=\"menu-item menu-item-type-post_type menu-item-object-page menu-flyout rt-mega-menu-hover item-524\"><a  href=\"https:\/\/zformining.com\/fr\/services\/batiment\/\">B\u00e2timent<\/a><\/li>\n<li id=\"menu-item-2385\" class=\"menu-item menu-item-type-post_type menu-item-object-page menu-flyout rt-mega-menu-hover item-2385\"><a  href=\"https:\/\/zformining.com\/fr\/services\/route\/\">Route<\/a><\/li>\n<li id=\"menu-item-3343\" class=\"menu-item menu-item-type-post_type menu-item-object-page menu-flyout rt-mega-menu-hover item-3343\"><a  href=\"https:\/\/zformining.com\/fr\/services\/hydraulique\/\">Barrage hydraulique<\/a><\/li>\n<\/ul><\/div>\r<!-- rt menu -->\r<div class=\"vc_row wpb_row vc_inner vc_row-fluid vc_custom_1521444302719\"><div class=\"wpb_column vc_column_container vc_col-sm-12 vc_col-has-fill\"><div class=\"vc_column-inner vc_custom_1521444368019\"><div class=\"wpb_wrapper\"><div style=\"font-size: 25px;color: #ffffff;line-height: 35px;text-align: center\" class=\"vc_custom_heading font-weight-bold vc_custom_1521713088255\" >CONTACT<br \/>\nREQUETE<\/div><div style=\"font-size: 15px;color: #f5f6f6;line-height: 25px;text-align: center\" class=\"vc_custom_heading font-weight-medium vc_custom_1650635074609\" >Nous voulons de vos nouvelles!<\/div><div style=\"font-size: 18px;color: #f5f6f6;line-height: 28px;text-align: center\" class=\"vc_custom_heading font-weight-semibold vc_custom_1675865995537\" >Call +223 20 21 21 92<\/div>\r<!-- radiantthemes-button -->\r<div class=\"radiantthemes-button hover-style-one\"  data-button-direction=\"center\" data-button-fullwidth=\"false\" ><a style=\"\" class=\"radiantthemes-button-main\" href=\"https:\/\/zformining.com\/fr\/contact-us-version-3\/\"  title=\"\" target=\"_self\"><div class=\"placeholder\">CONTACTEZ-NOUS MAINTENANT<\/div><\/a><\/div>\r<!-- radiantthemes-button -->\r<\/div><\/div><\/div><\/div><\/div><\/div><\/div><div class=\"wpb_column vc_column_container vc_col-sm-9\"><div class=\"vc_column-inner vc_custom_1521444147546\"><div class=\"wpb_wrapper\">\n\t<div  class=\"wpb_single_image wpb_content_element vc_align_left  vc_custom_1650635299013\">\n\t\t\n\t\t<figure class=\"wpb_wrapper vc_figure\">\n\t\t\t<div class=\"vc_single_image-wrapper   vc_box_border_grey\"><img loading=\"lazy\" decoding=\"async\" width=\"900\" height=\"531\" src=\"https:\/\/zformining.com\/wp-content\/uploads\/2022\/04\/car-city-construction-cityscape-outdoor-1.jpg\" class=\"vc_single_image-img attachment-full\" alt=\"\" title=\"car-city-construction-cityscape-outdoor\" srcset=\"https:\/\/zformining.com\/wp-content\/uploads\/2022\/04\/car-city-construction-cityscape-outdoor-1.jpg 900w, https:\/\/zformining.com\/wp-content\/uploads\/2022\/04\/car-city-construction-cityscape-outdoor-1-300x177.jpg 300w, https:\/\/zformining.com\/wp-content\/uploads\/2022\/04\/car-city-construction-cityscape-outdoor-1-768x453.jpg 768w, https:\/\/zformining.com\/wp-content\/uploads\/2022\/04\/car-city-construction-cityscape-outdoor-1-18x12.jpg 18w\" sizes=\"auto, (max-width: 900px) 100vw, 900px\" \/><\/div>\n\t\t<\/figure>\n\t<\/div>\n<h1 style=\"font-size: 35px;line-height: 45px;text-align: left\" class=\"vc_custom_heading font-weight-bold vc_custom_1650038310629\" >Route<\/h1>\n\t<div class=\"wpb_text_column wpb_content_element  vc_custom_1650632492667\" >\n\t\t<div class=\"wpb_wrapper\">\n\t\t\t<p>ZFM est une entreprise de construction routi\u00e8re r\u00e9put\u00e9e, connue pour sa fiabilit\u00e9 et son excellence. Au fil des ans, ils ont construit une base solide de connaissances et de comp\u00e9tences dans tous les domaines de la construction routi\u00e8re, y compris les travaux routiers g\u00e9n\u00e9raux, les travaux de terrassement et d'excavation connexes, le drainage des eaux pluviales et le marquage des lignes.<\/p>\n<p>ZFM dispose d'une main-d'\u0153uvre exceptionnelle et qualifi\u00e9e, ce qui lui permet de fournir une large gamme de services et de comp\u00e9tences dans tous les aspects de la construction routi\u00e8re.<\/p>\n<p>Sur chaque projet, le d\u00e9vouement de ZFM \u00e0 la qualit\u00e9 et \u00e0 la s\u00e9curit\u00e9 est in\u00e9branlable, et on peut compter sur eux pour fournir des r\u00e9sultats de haute qualit\u00e9 et rentables.<\/p>\n\n\t\t<\/div>\n\t<\/div>\n\n\t<div class=\"wpb_text_column wpb_content_element  vc_custom_1650632638734\" >\n\t\t<div class=\"wpb_wrapper\">\n\t\t\t<p>Au Mali, ZFM fournit une large gamme d'expertise et de services en construction routi\u00e8re. Ils s'engagent \u00e0 garantir que tout projet de construction de travaux routiers sur lequel ils travaillent respecte les normes de qualit\u00e9, d'efficacit\u00e9 et de s\u00e9curit\u00e9 les plus \u00e9lev\u00e9es, ainsi que toutes les r\u00e9glementations, directives et exigences applicables.<\/p>\n\n\t\t<\/div>\n\t<\/div>\n<\/div><\/div><\/div><\/div><div class=\"vc_row-full-width vc_clearfix\"><\/div><div data-vc-full-width=\"true\" data-vc-full-width-init=\"false\" class=\"vc_row wpb_row vc_row-fluid vc_custom_1650031141449 vc_row-has-fill vc_row-o-equal-height vc_row-o-content-middle vc_row-flex\"><div class=\"wpb_column vc_column_container vc_col-sm-12\"><div class=\"vc_column-inner vc_custom_1521436210629\"><div class=\"wpb_wrapper\"><h6 style=\"font-size: 32px;color: #ffffff;line-height: 42px;text-align: left\" class=\"vc_custom_heading font-weight-bold vc_custom_1521436436604\" >Vous recherchez un service de construction exclusif\u00a0?<\/h6><div style=\"font-size: 16px;color: #ffffff;text-align: left\" class=\"vc_custom_heading vc_custom_1650634724722\" >Nous voulons avoir de vos nouvelles, que vous ayez un projet en t\u00eate et que vous ayez besoin d'un partenaire de construction fiable ou que vous souhaitiez faire progresser votre carri\u00e8re.<\/div><\/div><\/div><\/div><\/div><div class=\"vc_row-full-width vc_clearfix\"><\/div>","protected":false},"excerpt":{"rendered":"Civil engineering Construction Road Hydraulic Dam REQUEST A CALL BACKwe want to hear from you!Call +223 20 21 21 92 CONTACT US NOW Road ZFM is a reputable road building company known for its dependability and excellence. They've built up a solid basis of knowledge and competence in all parts of road building, including general [...]","protected":false},"author":1,"featured_media":0,"parent":132,"menu_order":0,"comment_status":"closed","ping_status":"closed","template":"","meta":{"footnotes":""},"class_list":["post-2373","page","type-page","status-publish","hentry"],"_links":{"self":[{"href":"https:\/\/zformining.com\/fr\/wp-json\/wp\/v2\/pages\/2373","targetHints":{"allow":["GET"]}}],"collection":[{"href":"https:\/\/zformining.com\/fr\/wp-json\/wp\/v2\/pages"}],"about":[{"href":"https:\/\/zformining.com\/fr\/wp-json\/wp\/v2\/types\/page"}],"author":[{"embeddable":true,"href":"https:\/\/zformining.com\/fr\/wp-json\/wp\/v2\/users\/1"}],"replies":[{"embeddable":true,"href":"https:\/\/zformining.com\/fr\/wp-json\/wp\/v2\/comments?post=2373"}],"version-history":[{"count":17,"href":"https:\/\/zformining.com\/fr\/wp-json\/wp\/v2\/pages\/2373\/revisions"}],"predecessor-version":[{"id":3694,"href":"https:\/\/zformining.com\/fr\/wp-json\/wp\/v2\/pages\/2373\/revisions\/3694"}],"up":[{"embeddable":true,"href":"https:\/\/zformining.com\/fr\/wp-json\/wp\/v2\/pages\/132"}],"wp:attachment":[{"href":"https:\/\/zformining.com\/fr\/wp-json\/wp\/v2\/media?parent=2373"}],"curies":[{"name":"wp","href":"https:\/\/api.w.org\/{rel}","templated":true}]}}