{"id":2365,"date":"2018-03-31T08:25:27","date_gmt":"2018-03-31T08:25:27","guid":{"rendered":"https:\/\/brixel.radiantthemes.com\/?page_id=2365"},"modified":"2023-02-08T14:20:22","modified_gmt":"2023-02-08T14:20:22","slug":"hydraulique","status":"publish","type":"page","link":"https:\/\/zformining.com\/fr\/services\/hydraulique\/","title":{"rendered":"Hydraulique"},"content":{"rendered":"<div data-vc-full-width=\"true\" data-vc-full-width-init=\"false\" class=\"vc_row wpb_row vc_row-fluid vc_custom_1521444119633 vc_row-has-fill\"><div class=\"wpb_column vc_column_container vc_col-sm-9\"><div class=\"vc_column-inner vc_custom_1521444147546\"><div class=\"wpb_wrapper\"><h1 style=\"font-size: 35px;line-height: 45px;text-align: left\" class=\"vc_custom_heading font-weight-bold vc_custom_1650634365251\" >HYDRAULIC DAM<\/h1>\n\t<div class=\"wpb_text_column wpb_content_element  vc_custom_1650633871196\" >\n\t\t<div class=\"wpb_wrapper\">\n\t\t\t<p>ZFM s'engage \u00e0 fournir des services de la plus haute qualit\u00e9, que le projet soit un petit projet hydraulique ou un grand projet. Nous nous engageons \u00e0 vous offrir la qualit\u00e9 au meilleur prix.<\/p>\n\n\t\t<\/div>\n\t<\/div>\n\n\t<div class=\"wpb_text_column wpb_content_element  vc_custom_1650633809285\" >\n\t\t<div class=\"wpb_wrapper\">\n\t\t\t<p>Nous assurons la construction hydro\u00e9lectrique, l&#8217;inspection, le d\u00e9montage, la r\u00e9habilitation, le remplacement, les essais et le d\u00e9marrage d&#8217;unit\u00e9s hydro\u00e9lectriques de toutes tailles. Quel que soit le type de turbine hydro\u00e9lectrique, de g\u00e9n\u00e9rateur, de pompe, de r\u00e9gulateur ou de vanne, nos \u00e9quipes poss\u00e8dent les connaissances m\u00e9caniques n\u00e9cessaires pour r\u00e9parer ou remplacer votre \u00e9quipement et am\u00e9liorer la performance globale de votre installation hydro\u00e9lectrique.<\/p>\n\n\t\t<\/div>\n\t<\/div>\n\n\t<div  class=\"wpb_single_image wpb_content_element vc_align_left\">\n\t\t\n\t\t<figure class=\"wpb_wrapper vc_figure\">\n\t\t\t<div class=\"vc_single_image-wrapper   vc_box_border_grey\"><img loading=\"lazy\" decoding=\"async\" width=\"900\" height=\"495\" src=\"https:\/\/zformining.com\/wp-content\/uploads\/2022\/04\/dam-bishop-s-falls-newfoundland-labrador-canada.jpg\" class=\"vc_single_image-img attachment-full\" alt=\"\" title=\"dam-bishop-s-falls-newfoundland-labrador-canada\" srcset=\"https:\/\/zformining.com\/wp-content\/uploads\/2022\/04\/dam-bishop-s-falls-newfoundland-labrador-canada.jpg 900w, https:\/\/zformining.com\/wp-content\/uploads\/2022\/04\/dam-bishop-s-falls-newfoundland-labrador-canada-300x165.jpg 300w, https:\/\/zformining.com\/wp-content\/uploads\/2022\/04\/dam-bishop-s-falls-newfoundland-labrador-canada-768x422.jpg 768w, https:\/\/zformining.com\/wp-content\/uploads\/2022\/04\/dam-bishop-s-falls-newfoundland-labrador-canada-18x10.jpg 18w\" sizes=\"auto, (max-width: 900px) 100vw, 900px\" \/><\/div>\n\t\t<\/figure>\n\t<\/div>\n<\/div><\/div><\/div>\t\t\t<!-- rt menu -->\n\t\t\t<div class=\"wpb_column vc_column_container vc_col-sm-3\"><div class=\"vc_column-inner vc_custom_1521444155225\"><div class=\"wpb_wrapper\"><div class=\"rt-menu element-two\"    ><ul id=\"menu-services-menu\" class=\"menu rt-mega-menu-transition-default\"><li id=\"menu-item-526\" class=\"menu-item menu-item-type-post_type menu-item-object-page menu-flyout rt-mega-menu-hover item-526\"><a  href=\"https:\/\/zformining.com\/fr\/services\/genie-civil\/\">G\u00e9nie Civil<\/a><\/li>\n<li id=\"menu-item-524\" class=\"menu-item menu-item-type-post_type menu-item-object-page menu-flyout rt-mega-menu-hover item-524\"><a  href=\"https:\/\/zformining.com\/fr\/services\/batiment\/\">B\u00e2timent<\/a><\/li>\n<li id=\"menu-item-2385\" class=\"menu-item menu-item-type-post_type menu-item-object-page menu-flyout rt-mega-menu-hover item-2385\"><a  href=\"https:\/\/zformining.com\/fr\/services\/route\/\">Route<\/a><\/li>\n<li id=\"menu-item-3343\" class=\"menu-item menu-item-type-post_type menu-item-object-page menu-flyout rt-mega-menu-hover item-3343\"><a  href=\"https:\/\/zformining.com\/fr\/services\/hydraulique\/\">Barrage hydraulique<\/a><\/li>\n<\/ul><\/div>\r<!-- rt menu -->\r<div class=\"vc_row wpb_row vc_inner vc_row-fluid vc_custom_1521444302719\"><div class=\"wpb_column vc_column_container vc_col-sm-12 vc_col-has-fill\"><div class=\"vc_column-inner vc_custom_1521444368019\"><div class=\"wpb_wrapper\"><div style=\"font-size: 25px;color: #ffffff;line-height: 35px;text-align: center\" class=\"vc_custom_heading font-weight-extrabold vc_custom_1521444649617\" >CONTACT<br \/>\nREQUETE<\/div><div style=\"font-size: 15px;color: #f5f6f6;line-height: 25px;text-align: center\" class=\"vc_custom_heading font-weight-medium vc_custom_1650635109014\" >Nous voulons de vos nouvelles!<\/div><div style=\"font-size: 18px;color: #f5f6f6;line-height: 28px;text-align: center\" class=\"vc_custom_heading font-weight-semibold vc_custom_1675866020642\" >Call +223 20 21 21 92<\/div>\r<!-- radiantthemes-button -->\r<div class=\"radiantthemes-button hover-style-one\"  data-button-direction=\"center\" data-button-fullwidth=\"false\" ><a style=\"\" class=\"radiantthemes-button-main\" href=\"https:\/\/zformining.com\/fr\/contact-us-version-3\/\"  title=\"\" target=\"_self\"><div class=\"placeholder\">CONTACTEZ-NOUS MAINTENANT<\/div><\/a><\/div>\r<!-- radiantthemes-button -->\r<\/div><\/div><\/div><\/div><\/div><\/div><\/div><\/div><div class=\"vc_row-full-width vc_clearfix\"><\/div><div data-vc-full-width=\"true\" data-vc-full-width-init=\"false\" class=\"vc_row wpb_row vc_row-fluid vc_custom_1650031216631 vc_row-has-fill vc_row-o-equal-height vc_row-o-content-middle vc_row-flex\"><div class=\"wpb_column vc_column_container vc_col-sm-12\"><div class=\"vc_column-inner vc_custom_1521436210629\"><div class=\"wpb_wrapper\"><h6 style=\"font-size: 32px;color: #ffffff;line-height: 42px;text-align: left\" class=\"vc_custom_heading font-weight-bold vc_custom_1521436436604\" >Vous recherchez un service de construction exclusif\u00a0?<\/h6><div style=\"font-size: 16px;color: #ffffff;text-align: left\" class=\"vc_custom_heading vc_custom_1650634576730\" >Nous voulons avoir de vos nouvelles, que vous ayez un projet en t\u00eate et que vous ayez besoin d'un partenaire de construction fiable ou que vous souhaitiez faire progresser votre carri\u00e8re.<\/div><\/div><\/div><\/div><\/div><div class=\"vc_row-full-width vc_clearfix\"><\/div>","protected":false},"excerpt":{"rendered":"HYDRAULIC DAM ZFM is committed to delivering the highest quality services whether the project is a small project hydraulic or a big one. We are devoted to giving you quality at the best price. Nous assurons la construction hydro\u00e9lectrique, l'inspection, le d\u00e9montage, la r\u00e9habilitation, le remplacement, les essais et le d\u00e9marrage d'unit\u00e9s hydro\u00e9lectriques de toutes [...]","protected":false},"author":1,"featured_media":0,"parent":132,"menu_order":0,"comment_status":"closed","ping_status":"closed","template":"","meta":{"footnotes":""},"class_list":["post-2365","page","type-page","status-publish","hentry"],"_links":{"self":[{"href":"https:\/\/zformining.com\/fr\/wp-json\/wp\/v2\/pages\/2365","targetHints":{"allow":["GET"]}}],"collection":[{"href":"https:\/\/zformining.com\/fr\/wp-json\/wp\/v2\/pages"}],"about":[{"href":"https:\/\/zformining.com\/fr\/wp-json\/wp\/v2\/types\/page"}],"author":[{"embeddable":true,"href":"https:\/\/zformining.com\/fr\/wp-json\/wp\/v2\/users\/1"}],"replies":[{"embeddable":true,"href":"https:\/\/zformining.com\/fr\/wp-json\/wp\/v2\/comments?post=2365"}],"version-history":[{"count":17,"href":"https:\/\/zformining.com\/fr\/wp-json\/wp\/v2\/pages\/2365\/revisions"}],"predecessor-version":[{"id":3695,"href":"https:\/\/zformining.com\/fr\/wp-json\/wp\/v2\/pages\/2365\/revisions\/3695"}],"up":[{"embeddable":true,"href":"https:\/\/zformining.com\/fr\/wp-json\/wp\/v2\/pages\/132"}],"wp:attachment":[{"href":"https:\/\/zformining.com\/fr\/wp-json\/wp\/v2\/media?parent=2365"}],"curies":[{"name":"wp","href":"https:\/\/api.w.org\/{rel}","templated":true}]}}