{"id":132,"date":"2018-03-15T08:29:07","date_gmt":"2018-03-15T08:29:07","guid":{"rendered":"http:\/\/themes.radiantthemes.com\/constructionpress\/?page_id=132"},"modified":"2022-04-22T13:50:35","modified_gmt":"2022-04-22T13:50:35","slug":"services","status":"publish","type":"page","link":"https:\/\/zformining.com\/fr\/services\/","title":{"rendered":"Services"},"content":{"rendered":"<div data-vc-full-width=\"true\" data-vc-full-width-init=\"false\" class=\"vc_row wpb_row vc_row-fluid background-position-left-center vc_custom_1521440938890 vc_row-has-fill\"><div class=\"wpb_column vc_column_container vc_col-sm-4\"><div class=\"vc_column-inner vc_custom_1521440963381\"><div class=\"wpb_wrapper\">\n\t<div  class=\"wpb_single_image wpb_content_element vc_align_center  vc_custom_1521441012092\">\n\t\t\n\t\t<figure class=\"wpb_wrapper vc_figure\">\n\t\t\t<div class=\"vc_single_image-wrapper   vc_box_border_grey\"><img loading=\"lazy\" decoding=\"async\" width=\"369\" height=\"475\" src=\"https:\/\/zformining.com\/wp-content\/uploads\/2018\/03\/We-Turn-Ideas-Into-Reality-Image-1.png\" class=\"vc_single_image-img attachment-full\" alt=\"\" title=\"We-Turn Ideas-Into Reality-Image\" \/><\/div>\n\t\t<\/figure>\n\t<\/div>\n<\/div><\/div><\/div><div class=\"wpb_column vc_column_container vc_col-sm-8\"><div class=\"vc_column-inner vc_custom_1521440971588\"><div class=\"wpb_wrapper\"><h1 style=\"font-size: 35px;line-height: 45px;text-align: left\" class=\"vc_custom_heading font-weight-bold vc_custom_1521442288711\" >Nous transformons les id\u00e9es en r\u00e9alit\u00e9<\/h1>\n\t<div class=\"wpb_text_column wpb_content_element  vc_custom_1650627744441\" >\n\t\t<div class=\"wpb_wrapper\">\n\t\t\t<p>En tant que l'une des principales entreprises de construction, notre principale force est d'offrir une solution compl\u00e8te, du concept initial aux applications de planification et \u00e0 la construction finale.<\/p>\n<p>Nous fournissons notre expertise apr\u00e8s avoir travaill\u00e9 avec des entreprises de premier plan pour d\u00e9velopper des solutions complexes et sophistiqu\u00e9es bas\u00e9es sur de nouvelles approches de construction et couvrant plusieurs disciplines.<\/p>\n<p>Votre d\u00e9veloppement sera calcul\u00e9 avec pr\u00e9cision et au plus haut niveau, assurant votre client\u00e8le.<\/p>\n<p>Chez ZFM, nous vous mettrons en contact avec des experts recherch\u00e9s qui peuvent vous aider \u00e0 chaque \u00e9tape du processus, et nous le ferons avec un plan de tarification rentable qui garantit \u00e0 nos clients le meilleur service au meilleur prix.<\/p>\n\n\t\t<\/div>\n\t<\/div>\n\n\t<div class=\"wpb_text_column wpb_content_element  vc_custom_1650628242485\" >\n\t\t<div class=\"wpb_wrapper\">\n\t\t\t<p>ZFM Construction emploie certains des meilleurs constructeurs et ing\u00e9nieurs de l'industrie, qui, avec l'aide de nos \u00e9quipes d'experts, fournissent des solutions de services de construction in\u00e9gal\u00e9es.<\/p>\n<p>Notre capacit\u00e9 \u00e0 \u00e9tablir des partenariats \u00e0 long terme avec nos clients repose sur notre r\u00e9putation de conception innovante soutenue par une livraison solide dans les d\u00e9lais et le budget.<\/p>\n\n\t\t<\/div>\n\t<\/div>\n<\/div><\/div><\/div><\/div><div class=\"vc_row-full-width vc_clearfix\"><\/div><section data-vc-full-width=\"true\" data-vc-full-width-init=\"false\" class=\"vc_section vc_custom_1521439774910 vc_section-has-fill\"><div data-vc-full-width=\"true\" data-vc-full-width-init=\"false\" class=\"vc_row wpb_row vc_row-fluid vc_custom_1521440027218\"><div class=\"wpb_column vc_column_container vc_col-sm-12\"><div class=\"vc_column-inner vc_custom_1521439801384\"><div class=\"wpb_wrapper\"><h2 style=\"font-size: 35px;line-height: 45px;text-align: center\" class=\"vc_custom_heading font-weight-extrabold vc_custom_1521713629276\" >Nous aidons \u00e0 rendre votre vision tangible<\/h2><\/div><\/div><\/div><\/div><div class=\"vc_row-full-width vc_clearfix\"><\/div><div class=\"vc_row wpb_row vc_row-fluid\"><div class=\"wpb_column vc_column_container vc_col-sm-3\"><div class=\"vc_column-inner\"><div class=\"wpb_wrapper\">\n\t<div  class=\"wpb_single_image wpb_content_element vc_align_center  vc_custom_1521440192089  full-width-image\">\n\t\t\n\t\t<figure class=\"wpb_wrapper vc_figure\">\n\t\t\t<div class=\"vc_single_image-wrapper   vc_box_border_grey\"><img loading=\"lazy\" decoding=\"async\" width=\"370\" height=\"452\" src=\"https:\/\/zformining.com\/wp-content\/uploads\/2018\/03\/Architectural-Design-Image-1-1.png\" class=\"vc_single_image-img attachment-full\" alt=\"Architectural-Design-Image\" title=\"Architectural-Design-Image\" \/><\/div>\n\t\t<\/figure>\n\t<\/div>\n<div class=\"vc_row wpb_row vc_inner vc_row-fluid vc_custom_1521440248676\"><div class=\"service-one-box-item-data wpb_column vc_column_container vc_col-sm-12 vc_col-has-fill\"><div class=\"vc_column-inner vc_custom_1521440496052\"><div class=\"wpb_wrapper\"><h4 style=\"font-size: 20px;color: #ffffff;line-height: 30px;text-align: center\" class=\"vc_custom_heading font-weight-bold vc_custom_1650635383301\" >G\u00e9nie Civil<\/h4>\n\t<div class=\"wpb_text_column wpb_content_element  vc_custom_1650628841533\" >\n\t\t<div class=\"wpb_wrapper\">\n\t\t\t<p style=\"text-align: center;\"><span style=\"color: #ffffff;\">Tous les secteurs b\u00e9n\u00e9ficient de nos services de conception et de construction en g\u00e9nie civil\u2026<\/span><\/p>\n\n\t\t<\/div>\n\t<\/div>\n\r<!-- radiantthemes-button -->\r<div class=\"radiantthemes-button hover-style-one\"  data-button-direction=\"center\" data-button-fullwidth=\"false\" ><a style=\"\" class=\"radiantthemes-button-main\" href=\"https:\/\/zformining.com\/fr\/services\/genie-civil\/\"  title=\"\" target=\"_self\"><div class=\"placeholder\">PLUS DE D\u00c9TAILS<\/div><\/a><\/div>\r<!-- radiantthemes-button -->\r<\/div><\/div><\/div><\/div><\/div><\/div><\/div><div class=\"wpb_column vc_column_container vc_col-sm-3\"><div class=\"vc_column-inner\"><div class=\"wpb_wrapper\">\n\t<div  class=\"wpb_single_image wpb_content_element vc_align_center  vc_custom_1649778806915  full-width-image\">\n\t\t\n\t\t<figure class=\"wpb_wrapper vc_figure\">\n\t\t\t<div class=\"vc_single_image-wrapper   vc_box_border_grey\"><img loading=\"lazy\" decoding=\"async\" width=\"370\" height=\"452\" src=\"https:\/\/zformining.com\/wp-content\/uploads\/2022\/04\/new-construction-site-with-tower-crane.jpg\" class=\"vc_single_image-img attachment-full\" alt=\"\" title=\"new-construction-site-with-tower-crane\" srcset=\"https:\/\/zformining.com\/wp-content\/uploads\/2022\/04\/new-construction-site-with-tower-crane.jpg 370w, https:\/\/zformining.com\/wp-content\/uploads\/2022\/04\/new-construction-site-with-tower-crane-246x300.jpg 246w\" sizes=\"auto, (max-width: 370px) 100vw, 370px\" \/><\/div>\n\t\t<\/figure>\n\t<\/div>\n<div class=\"vc_row wpb_row vc_inner vc_row-fluid vc_custom_1521440248676\"><div class=\"service-one-box-item-data wpb_column vc_column_container vc_col-sm-12 vc_col-has-fill\"><div class=\"vc_column-inner vc_custom_1521440496052\"><div class=\"wpb_wrapper\"><h4 style=\"font-size: 20px;color: #ffffff;line-height: 30px;text-align: center\" class=\"vc_custom_heading font-weight-bold vc_custom_1650635408135\" ><a href=\"https:\/\/zformining.com\/fr\/services\/batiment\/\">B\u00e2timent<\/a><\/h4>\n\t<div class=\"wpb_text_column wpb_content_element  vc_custom_1650628910636\" >\n\t\t<div class=\"wpb_wrapper\">\n\t\t\t<p style=\"text-align: center;\"><span style=\"color: #ffffff;\">ZFM Construction offre une construction g\u00e9n\u00e9rale avec une attention sans compromis\u2026<\/span><\/p>\n\n\t\t<\/div>\n\t<\/div>\n\r<!-- radiantthemes-button -->\r<div class=\"radiantthemes-button hover-style-one\"  data-button-direction=\"center\" data-button-fullwidth=\"false\" ><a style=\"\" class=\"radiantthemes-button-main\" href=\"https:\/\/zformining.com\/fr\/services\/batiment\/\"  title=\"\" target=\"_self\"><div class=\"placeholder\">PLUS DE D\u00c9TAILS<\/div><\/a><\/div>\r<!-- radiantthemes-button -->\r<\/div><\/div><\/div><\/div><\/div><\/div><\/div><div class=\"wpb_column vc_column_container vc_col-sm-3\"><div class=\"vc_column-inner\"><div class=\"wpb_wrapper\">\n\t<div  class=\"wpb_single_image wpb_content_element vc_align_center  vc_custom_1649778746563  full-width-image\">\n\t\t\n\t\t<figure class=\"wpb_wrapper vc_figure\">\n\t\t\t<div class=\"vc_single_image-wrapper   vc_box_border_grey\"><img loading=\"lazy\" decoding=\"async\" width=\"370\" height=\"452\" src=\"https:\/\/zformining.com\/wp-content\/uploads\/2022\/04\/road-construction.jpg\" class=\"vc_single_image-img attachment-full\" alt=\"\" title=\"road-construction\" srcset=\"https:\/\/zformining.com\/wp-content\/uploads\/2022\/04\/road-construction.jpg 370w, https:\/\/zformining.com\/wp-content\/uploads\/2022\/04\/road-construction-246x300.jpg 246w\" sizes=\"auto, (max-width: 370px) 100vw, 370px\" \/><\/div>\n\t\t<\/figure>\n\t<\/div>\n<div class=\"vc_row wpb_row vc_inner vc_row-fluid vc_custom_1521440248676\"><div class=\"service-one-box-item-data wpb_column vc_column_container vc_col-sm-12 vc_col-has-fill\"><div class=\"vc_column-inner vc_custom_1521440496052\"><div class=\"wpb_wrapper\"><h4 style=\"font-size: 20px;color: #ffffff;line-height: 30px;text-align: center\" class=\"vc_custom_heading font-weight-bold vc_custom_1650635420932\" ><a href=\"https:\/\/zformining.com\/fr\/services\/route\/\">Route<\/a><\/h4>\n\t<div class=\"wpb_text_column wpb_content_element  vc_custom_1650628960476\" >\n\t\t<div class=\"wpb_wrapper\">\n\t\t\t<p style=\"text-align: center;\"><span style=\"color: #ffffff;\">Notre personnel peut g\u00e9rer n'importe quoi, d'une petite coupe de trottoir \u00e0 un \u00e9norme projet de reconstruction de chauss\u00e9e\u2026<\/span><\/p>\n\n\t\t<\/div>\n\t<\/div>\n\r<!-- radiantthemes-button -->\r<div class=\"radiantthemes-button hover-style-one\"  data-button-direction=\"center\" data-button-fullwidth=\"false\" ><a style=\"\" class=\"radiantthemes-button-main\" href=\"https:\/\/zformining.com\/fr\/services\/route\/\"  title=\"\" target=\"_self\"><div class=\"placeholder\">PLUS DE D\u00c9TAILS<\/div><\/a><\/div>\r<!-- radiantthemes-button -->\r<\/div><\/div><\/div><\/div><\/div><\/div><\/div><div class=\"wpb_column vc_column_container vc_col-sm-3\"><div class=\"vc_column-inner\"><div class=\"wpb_wrapper\">\n\t<div  class=\"wpb_single_image wpb_content_element vc_align_center  vc_custom_1649778727908  full-width-image\">\n\t\t\n\t\t<figure class=\"wpb_wrapper vc_figure\">\n\t\t\t<div class=\"vc_single_image-wrapper   vc_box_border_grey\"><img loading=\"lazy\" decoding=\"async\" width=\"370\" height=\"452\" src=\"https:\/\/zformining.com\/wp-content\/uploads\/2022\/04\/dam-construction-stage-construction-site.jpg\" class=\"vc_single_image-img attachment-full\" alt=\"\" title=\"dam-construction-stage-construction-site\" srcset=\"https:\/\/zformining.com\/wp-content\/uploads\/2022\/04\/dam-construction-stage-construction-site.jpg 370w, https:\/\/zformining.com\/wp-content\/uploads\/2022\/04\/dam-construction-stage-construction-site-246x300.jpg 246w\" sizes=\"auto, (max-width: 370px) 100vw, 370px\" \/><\/div>\n\t\t<\/figure>\n\t<\/div>\n<div class=\"vc_row wpb_row vc_inner vc_row-fluid vc_custom_1521440248676\"><div class=\"service-one-box-item-data wpb_column vc_column_container vc_col-sm-12 vc_col-has-fill\"><div class=\"vc_column-inner vc_custom_1521440496052\"><div class=\"wpb_wrapper\"><h4 style=\"font-size: 20px;color: #ffffff;line-height: 30px;text-align: center\" class=\"vc_custom_heading font-weight-bold vc_custom_1650635432988\" ><a href=\"https:\/\/zformining.com\/fr\/services\/hydraulique\/\">Barrage hydraulique<\/a><\/h4>\n\t<div class=\"wpb_text_column wpb_content_element  vc_custom_1650629004692\" >\n\t\t<div class=\"wpb_wrapper\">\n\t\t\t<p style=\"text-align: center;\"><span style=\"color: #ffffff;\">ZFM s'engage \u00e0 fournir des services de la plus haute qualit\u00e9, que le projet soit un\u2026<\/span><\/p>\n\n\t\t<\/div>\n\t<\/div>\n\r<!-- radiantthemes-button -->\r<div class=\"radiantthemes-button hover-style-one\"  data-button-direction=\"center\" data-button-fullwidth=\"false\" ><a style=\"\" class=\"radiantthemes-button-main\" href=\"https:\/\/zformining.com\/fr\/services\/hydraulique\/\"  title=\"\" target=\"_self\"><div class=\"placeholder\">PLUS DE D\u00c9TAILS<\/div><\/a><\/div>\r<!-- radiantthemes-button -->\r<\/div><\/div><\/div><\/div><\/div><\/div><\/div><\/div><div data-vc-full-width=\"true\" data-vc-full-width-init=\"false\" class=\"vc_row wpb_row vc_row-fluid vc_custom_1521440018957 vc_column-gap-30\"><div class=\"service-one-box-item wpb_column vc_column_container vc_col-sm-4\"><div class=\"vc_column-inner vc_custom_1521440503695\"><div class=\"wpb_wrapper\"><\/div><\/div><\/div><div class=\"service-one-box-item wpb_column vc_column_container vc_col-sm-4\"><div class=\"vc_column-inner vc_custom_1521440511929\"><div class=\"wpb_wrapper\"><\/div><\/div><\/div><div class=\"service-one-box-item wpb_column vc_column_container vc_col-sm-4\"><div class=\"vc_column-inner vc_custom_1521440523510\"><div class=\"wpb_wrapper\"><\/div><\/div><\/div><\/div><div class=\"vc_row-full-width vc_clearfix\"><\/div><\/section><div class=\"vc_row-full-width vc_clearfix\"><\/div><div class=\"vc_row wpb_row vc_row-fluid vc_custom_1521439600437 vc_row-has-fill\"><div class=\"wpb_column vc_column_container vc_col-sm-8\"><div class=\"vc_column-inner vc_custom_1521438494058\"><div class=\"wpb_wrapper\"><h3 style=\"font-size: 35px;line-height: 45px;text-align: left\" class=\"vc_custom_heading font-weight-bold vc_custom_1521713644654\" >Nous construisons l'incroyable<\/h3>\n\t<div class=\"wpb_text_column wpb_content_element  vc_custom_1650628227726\" >\n\t\t<div class=\"wpb_wrapper\">\n\t\t\t<p>We&#8217;ve established an enviable reputation as a high-quality service provider capable of not only solving complex problems but also successfully completing projects on our own or as part of a consortia, providing a larger package to major construction contractors, local governments, and consulting engineers.<\/p>\n<p>&nbsp;<\/p>\n\n\t\t<\/div>\n\t<\/div>\n<h3 style=\"font-size: 35px;line-height: 45px;text-align: left\" class=\"vc_custom_heading font-weight-bold vc_custom_1650628720359\" >La s\u00e9curit\u00e9 d'abord<\/h3>\n\t<div class=\"wpb_text_column wpb_content_element  vc_custom_1650628747587\" >\n\t\t<div class=\"wpb_wrapper\">\n\t\t\t<p>Nous prenons la s\u00e9curit\u00e9 au s\u00e9rieux dans tout ce que nous faisons ; c'est qui nous sommes. Chaque activit\u00e9 que nous entreprenons, chaque projet que nous construisons, vise \u00e0 le mener \u00e0 bien en toute s\u00e9curit\u00e9. Nos employ\u00e9s sont au c\u0153ur de notre entreprise et nous nous effor\u00e7ons chaque jour de les renvoyer chez eux en toute s\u00e9curit\u00e9.<\/p>\n<p>Avant de commencer \u00e0 travailler, nous \u00e9laborons un plan. Nous traversons tout encore et encore. Si nous avons des doutes, nous nous arr\u00eatons et nous surveillons les uns les autres. Nous nous entra\u00eenons pour actualiser ce que nous avons appris et nous tenir au courant des nouveaut\u00e9s.<\/p>\n\n\t\t<\/div>\n\t<\/div>\n<\/div><\/div><\/div><div class=\"wpb_column vc_column_container vc_col-sm-4\"><div class=\"vc_column-inner vc_custom_1521438502181\"><div class=\"wpb_wrapper\">\n\t<div  class=\"wpb_single_image wpb_content_element vc_align_center  vc_custom_1521438382815\">\n\t\t\n\t\t<figure class=\"wpb_wrapper vc_figure\">\n\t\t\t<div class=\"vc_single_image-wrapper   vc_box_border_grey\"><img loading=\"lazy\" decoding=\"async\" width=\"409\" height=\"596\" src=\"https:\/\/zformining.com\/wp-content\/uploads\/2018\/03\/We-Build-Awesomeness-Image-1.png\" class=\"vc_single_image-img attachment-full\" alt=\"We-Build-Awesomeness-Image\" title=\"We-Build-Awesomeness-Image\" \/><\/div>\n\t\t<\/figure>\n\t<\/div>\n<\/div><\/div><\/div><\/div><div data-vc-full-width=\"true\" data-vc-full-width-init=\"false\" class=\"vc_row wpb_row vc_row-fluid vc_custom_1521436746433 vc_row-has-fill\"><div class=\"wpb_column vc_column_container vc_col-sm-6\"><div class=\"vc_column-inner vc_custom_1521436782554\"><div class=\"wpb_wrapper\">\n\t<div  class=\"wpb_single_image wpb_content_element vc_align_center  vc_custom_1521438231197\">\n\t\t\n\t\t<figure class=\"wpb_wrapper vc_figure\">\n\t\t\t<div class=\"vc_single_image-wrapper   vc_box_border_grey\"><img loading=\"lazy\" decoding=\"async\" width=\"567\" height=\"508\" src=\"https:\/\/zformining.com\/wp-content\/uploads\/2018\/03\/Definitive-Expertise-Image-1.png\" class=\"vc_single_image-img attachment-full\" alt=\"Definitive-Expertise-Image\" title=\"Definitive-Expertise-Image\" \/><\/div>\n\t\t<\/figure>\n\t<\/div>\n<\/div><\/div><\/div><div class=\"wpb_column vc_column_container vc_col-sm-6\"><div class=\"vc_column-inner vc_custom_1521436790306\"><div class=\"wpb_wrapper\"><h3 style=\"font-size: 35px;line-height: 45px;text-align: left\" class=\"vc_custom_heading font-weight-bold vc_custom_1521442318715\" >Expertise d\u00e9finitive<\/h3>\n\t<div class=\"wpb_text_column wpb_content_element  vc_custom_1650627675778\" >\n\t\t<div class=\"wpb_wrapper\">\n\t\t\t<p>ZFM rassemble une combinaison unique de comp\u00e9tences et d'expertise en ing\u00e9nierie, ce qui nous permet de fournir des solutions de classe mondiale \u00e0 nos clients dans un large \u00e9ventail d'op\u00e9rations.<\/p>\n<p>Nous utilisons notre exp\u00e9rience en ing\u00e9nierie et en conception industrielle pour produire de grands projets dans les \u00e9conomies d\u00e9velopp\u00e9es et en d\u00e9veloppement \u00e0 fort potentiel de d\u00e9veloppement. La capacit\u00e9 de Ground Holdings Construction \u00e0 innover pour s'adapter aux contextes dans lesquels nous travaillons a \u00e9galement contribu\u00e9 \u00e0 notre position d'entrepreneur de premier plan dans les pays en croissance et en d\u00e9veloppement.<\/p>\n<p>Respect, politesse, professionnalisme, efficacit\u00e9 et respect des d\u00e9lais sont autant de valeurs port\u00e9es par notre talentueuse \u00e9quipe.<\/p>\n<p>Chaque projet re\u00e7oit une finition de premier ordre gr\u00e2ce \u00e0 notre attention m\u00e9ticuleuse aux d\u00e9tails.<\/p>\n<p>Respect, politesse, professionnalisme, efficacit\u00e9 et respect des d\u00e9lais sont autant de valeurs port\u00e9es par notre talentueuse \u00e9quipe.<\/p>\n<p>Chaque projet re\u00e7oit une finition de premier ordre gr\u00e2ce \u00e0 notre attention m\u00e9ticuleuse aux d\u00e9tails.<\/p>\n\n\t\t<\/div>\n\t<\/div>\n<\/div><\/div><\/div><\/div><div class=\"vc_row-full-width vc_clearfix\"><\/div><div data-vc-full-width=\"true\" data-vc-full-width-init=\"false\" class=\"vc_row wpb_row vc_row-fluid vc_custom_1521439652008 vc_row-has-fill vc_row-o-equal-height vc_row-o-content-middle vc_row-flex\"><div class=\"wpb_column vc_column_container vc_col-sm-12\"><div class=\"vc_column-inner vc_custom_1521436210629\"><div class=\"wpb_wrapper\"><h6 style=\"font-size: 32px;color: #ffffff;line-height: 42px;text-align: left\" class=\"vc_custom_heading font-weight-bold vc_custom_1521436436604\" >Vous recherchez un service de construction exclusif\u00a0?<\/h6><div style=\"font-size: 16px;color: #ffffff;text-align: left\" class=\"vc_custom_heading vc_custom_1650623960120\" >Nous voulons avoir de vos nouvelles, que vous ayez un projet en t\u00eate et que vous ayez besoin d'un partenaire de construction fiable ou que vous souhaitiez faire progresser votre carri\u00e8re.<\/div><\/div><\/div><\/div><\/div><div class=\"vc_row-full-width vc_clearfix\"><\/div>","protected":false},"excerpt":{"rendered":"We Turn Ideas Into Reality As one of the leading construction firms, our key strength is in offering a full solution, from initial concept to planning applications and final construction. We provide our expertise after working with prominent firms to develop complicated and sophisticated solutions based on novel building approaches and spanning multiple disciplines. Your [...]","protected":false},"author":1,"featured_media":0,"parent":0,"menu_order":0,"comment_status":"closed","ping_status":"closed","template":"","meta":{"footnotes":""},"class_list":["post-132","page","type-page","status-publish","hentry"],"_links":{"self":[{"href":"https:\/\/zformining.com\/fr\/wp-json\/wp\/v2\/pages\/132","targetHints":{"allow":["GET"]}}],"collection":[{"href":"https:\/\/zformining.com\/fr\/wp-json\/wp\/v2\/pages"}],"about":[{"href":"https:\/\/zformining.com\/fr\/wp-json\/wp\/v2\/types\/page"}],"author":[{"embeddable":true,"href":"https:\/\/zformining.com\/fr\/wp-json\/wp\/v2\/users\/1"}],"replies":[{"embeddable":true,"href":"https:\/\/zformining.com\/fr\/wp-json\/wp\/v2\/comments?post=132"}],"version-history":[{"count":29,"href":"https:\/\/zformining.com\/fr\/wp-json\/wp\/v2\/pages\/132\/revisions"}],"predecessor-version":[{"id":3549,"href":"https:\/\/zformining.com\/fr\/wp-json\/wp\/v2\/pages\/132\/revisions\/3549"}],"wp:attachment":[{"href":"https:\/\/zformining.com\/fr\/wp-json\/wp\/v2\/media?parent=132"}],"curies":[{"name":"wp","href":"https:\/\/api.w.org\/{rel}","templated":true}]}}